{"id":453,"date":"2024-09-02T09:56:16","date_gmt":"2024-09-02T09:56:16","guid":{"rendered":"https:\/\/themewant.com\/products\/wordpress\/almaris\/?page_id=453"},"modified":"2026-02-17T00:00:27","modified_gmt":"2026-02-17T00:00:27","slug":"nos-appartements","status":"publish","type":"page","link":"https:\/\/arletplage.com\/en\/nos-appartements\/","title":{"rendered":"Nos appartements"},"content":{"rendered":"<div data-elementor-type=\"wp-page\" data-elementor-id=\"453\" class=\"elementor elementor-453\">\n\t\t\t\t<div class=\"no elementor-element elementor-element-cc82a09 e-con-full e-flex rt-default-class e-con e-parent\" data-id=\"cc82a09\" data-element_type=\"container\" data-e-type=\"container\" data-settings=\"{&quot;background_background&quot;:&quot;classic&quot;}\">\n\t\t\t\t<div class=\"elementor-element elementor-element-40676f0 elementor-widget elementor-widget-rt-room-grid\" data-id=\"40676f0\" data-element_type=\"widget\" data-e-type=\"widget\" data-widget_type=\"rt-room-grid.default\">\n\t\t\t\t<div class=\"elementor-widget-container\">\n\t\t\t\t\t\r\n\t\t<div class=\"room-grid eshb-item-grid style1\" style=\"grid-template-columns: repeat(, 1fr)\">\r\n\t\t\r\n\t\t\t\t\t<div class=\"grid-item container-fluid position-relative half-fluid\" style=\"background-size: cover; background-repeat: no-repeat;\">\r\n\t\t<div class=\"container\" style=\"background-size: cover; background-repeat: no-repeat;\">\r\n\t\t<div class=\"row\" style=\"background-size: cover; background-repeat: no-repeat;\">\r\n\t\t\t<!-- Image -->\r\n\t\t\t<div class=\"thumbnail-col col-lg-6 col-sm-12 col-12 position-lg-absolute right-half h-100\" style=\"background-size: cover; background-repeat: no-repeat;\">\r\n\t\t\t\t<div class=\"image bgcustom\" data-bgimage=\"url(https:\/\/arletplage.com\/wp-content\/uploads\/2025\/10\/ALIZE-TERRASSE_-1.jpg) center\" style=\"background: url(https:\/\/arletplage.com\/wp-content\/uploads\/2025\/10\/ALIZE-TERRASSE_-1.jpg) center center \/ cover no-repeat;\"><\/div>\r\n\t\t\t<\/div>\r\n\t\t\t<!-- Text -->\r\n\t\t\t<div class=\"contents-col col-lg-6 col-sm-12 col-12 py-5 pe-lg-5\" style=\"background-size: cover; background-repeat: no-repeat;\">\r\n\t\t\t\r\n\t\t\t\t<h3 class=\"p-title\"><a href=\"https:\/\/arletplage.com\/en\/eshb_session\/winter\/\">Aliz\u00e9e &#8211; La douceur des vacances face \u00e0 la mer<\/a><\/h3>\r\n\t\t\t\t<div class=\"capacities fs-14 mb-3\" style=\"background-size: cover; background-repeat: no-repeat;\">\r\n\t\t\t\t\t\t\t\t\t\t\t\t\t<span class=\"capacity me-4\">\r\n\t\t\t\t\t\t\t\t\t5 people\t\t\t\t\t\t\t\t<\/span>\r\n\t\t\t\t\t\t\t\t\t\t\t\t\t\t\t<span class=\"capacity me-4\">\r\n\t\t\t\t\t\t\t\t\t85m2\t\t\t\t\t\t\t\t<\/span>\r\n\t\t\t\t\t\t\t\t\t\t\t<\/div>\r\n\t\t\t\t<p class=\"desc pe-lg-5\">V\u00e9rifier les disponibilit\u00e9s Avec sa vue mer et ses chambres climatis\u00e9es, Aliz\u00e9 offre un parfait \u00e9quilibre entre confort et vie ext\u00e9rieure. Situ\u00e9 au premier \u00e9tage, il b\u00e9n\u00e9ficie d\u2019une grande terrasse avec vue mer particuli\u00e8rement...<\/p>\r\n\t\t\t\t<a class=\"details-btn rts-btn btn-main mt-2\" href=\"https:\/\/arletplage.com\/en\/room\/alizee\/\">View details<\/a>\r\n\t\t\t\r\n\t\t\t<\/div>\r\n\t\t<\/div>\r\n\t\t<\/div>\r\n\t<\/div>\r\n\t\r\n\t\t\t<div class=\"grid-item container-fluid position-relative half-fluid\" style=\"background-size: cover; background-repeat: no-repeat;\">\r\n\t\t<div class=\"container\" style=\"background-size: cover; background-repeat: no-repeat;\">\r\n\t\t<div class=\"row\" style=\"background-size: cover; background-repeat: no-repeat;\">\r\n\t\t\t<!-- Image -->\r\n\t\t\t<div class=\"thumbnail-col col-lg-6 col-sm-12 col-12 position-lg-absolute left-half h-100\" style=\"background-size: cover; background-repeat: no-repeat;\">\r\n\t\t\t\t<div class=\"image bgcustom\" data-bgimage=\"url(https:\/\/arletplage.com\/wp-content\/uploads\/2025\/10\/IMG-20250928-WA0026-1.jpg) center\" style=\"background: url(https:\/\/arletplage.com\/wp-content\/uploads\/2025\/10\/IMG-20250928-WA0026-1.jpg) center center \/ cover no-repeat;\"><\/div>\r\n\t\t\t<\/div>\r\n\t\t\t<!-- Text -->\r\n\t\t\t<div class=\"contents-col col-lg-6 col-sm-12 col-12 py-5 pe-lg-5\" style=\"background-size: cover; background-repeat: no-repeat;\">\r\n\t\t\t\r\n\t\t\t\t<h3 class=\"p-title\"><a href=\"https:\/\/arletplage.com\/en\/eshb_session\/winter\/\">Oc\u00e9ane &#8211; La baie comme horizon<\/a><\/h3>\r\n\t\t\t\t<div class=\"capacities fs-14 mb-3\" style=\"background-size: cover; background-repeat: no-repeat;\">\r\n\t\t\t\t\t\t\t\t\t\t\t\t\t<span class=\"capacity me-4\">\r\n\t\t\t\t\t\t\t\t\t5 people\t\t\t\t\t\t\t\t<\/span>\r\n\t\t\t\t\t\t\t\t\t\t\t\t\t\t\t<span class=\"capacity me-4\">\r\n\t\t\t\t\t\t\t\t\t70m2\t\t\t\t\t\t\t\t<\/span>\r\n\t\t\t\t\t\t\t\t\t\t\t<\/div>\r\n\t\t\t\t<p class=\"desc pe-lg-5\">V\u00e9rifier les disponibilit\u00e9s Situ\u00e9 au rez-de-chauss\u00e9e, juste en face de la mer, Oc\u00e9ane offre une vue mer permanente et des chambres climatis\u00e9es pour des nuits confortables apr\u00e8s les journ\u00e9es au soleil. D\u00e8s l\u2019entr\u00e9e, le...<\/p>\r\n\t\t\t\t<a class=\"details-btn rts-btn btn-main mt-2\" href=\"https:\/\/arletplage.com\/en\/room\/oceane\/\">View details<\/a>\r\n\t\t\t\r\n\t\t\t<\/div>\r\n\t\t<\/div>\r\n\t\t<\/div>\r\n\t<\/div>\r\n\t\r\n\t\t\t<div class=\"grid-item container-fluid position-relative half-fluid\" style=\"background-size: cover; background-repeat: no-repeat;\">\r\n\t\t<div class=\"container\" style=\"background-size: cover; background-repeat: no-repeat;\">\r\n\t\t<div class=\"row\" style=\"background-size: cover; background-repeat: no-repeat;\">\r\n\t\t\t<!-- Image -->\r\n\t\t\t<div class=\"thumbnail-col col-lg-6 col-sm-12 col-12 position-lg-absolute right-half h-100\" style=\"background-size: cover; background-repeat: no-repeat;\">\r\n\t\t\t\t<div class=\"image bgcustom\" data-bgimage=\"url(https:\/\/arletplage.com\/wp-content\/uploads\/2025\/10\/BRISE-Ensemble_-1.jpg) center\" style=\"background: url(https:\/\/arletplage.com\/wp-content\/uploads\/2025\/10\/BRISE-Ensemble_-1.jpg) center center \/ cover no-repeat;\"><\/div>\r\n\t\t\t<\/div>\r\n\t\t\t<!-- Text -->\r\n\t\t\t<div class=\"contents-col col-lg-6 col-sm-12 col-12 py-5 pe-lg-5\" style=\"background-size: cover; background-repeat: no-repeat;\">\r\n\t\t\t\r\n\t\t\t\t<h3 class=\"p-title\"><a href=\"https:\/\/arletplage.com\/en\/eshb_session\/winter\/\">Brise &#8211; L\u2019exp\u00e9rience bord de mer, version cocon<\/a><\/h3>\r\n\t\t\t\t<div class=\"capacities fs-14 mb-3\" style=\"background-size: cover; background-repeat: no-repeat;\">\r\n\t\t\t\t\t\t\t\t\t\t\t\t\t<span class=\"capacity me-4\">\r\n\t\t\t\t\t\t\t\t\t2 people\t\t\t\t\t\t\t\t<\/span>\r\n\t\t\t\t\t\t\t\t\t\t\t\t\t\t\t<span class=\"capacity me-4\">\r\n\t\t\t\t\t\t\t\t\t70m2\t\t\t\t\t\t\t\t<\/span>\r\n\t\t\t\t\t\t\t\t\t\t\t<\/div>\r\n\t\t\t\t<p class=\"desc pe-lg-5\">V\u00e9rifier les disponibilit\u00e9s Brise est un logement enti\u00e8rement climatis\u00e9 con\u00e7u pour vivre la mer \u00e0 chaque instant, dans une atmosph\u00e8re douce et reposante. Ici, tout est pens\u00e9 pour ralentir : des espaces agr\u00e9ables \u00e0...<\/p>\r\n\t\t\t\t<a class=\"details-btn rts-btn btn-main mt-2\" href=\"https:\/\/arletplage.com\/en\/room\/brise\/\">View details<\/a>\r\n\t\t\t\r\n\t\t\t<\/div>\r\n\t\t<\/div>\r\n\t\t<\/div>\r\n\t<\/div>\r\n\t\r\n\t\t\t\t\t\r\n\t\t<\/div>\r\n\r\n\t\t\t\t\t\t<\/div>\n\t\t\t\t<\/div>\n\t\t\t\t<\/div>\n\t\t\t\t<\/div>","protected":false},"excerpt":{"rendered":"<p>Aliz\u00e9e &#8211; La douceur des vacances face \u00e0 la mer 5 personnes 85m2 V\u00e9rifier les disponibilit\u00e9s Avec sa vue mer et ses chambres climatis\u00e9es, Aliz\u00e9 offre un parfait \u00e9quilibre entre confort et vie ext\u00e9rieure. Situ\u00e9 au premier \u00e9tage, il b\u00e9n\u00e9ficie d\u2019une grande terrasse avec vue mer particuli\u00e8rement&#8230; View details Oc\u00e9ane &#8211; La baie comme horizon&#8230;<\/p>","protected":false},"author":1,"featured_media":87,"parent":0,"menu_order":0,"comment_status":"closed","ping_status":"closed","template":"elementor_header_footer","meta":{"footnotes":""},"class_list":["post-453","page","type-page","status-publish","has-post-thumbnail","hentry"],"_links":{"self":[{"href":"https:\/\/arletplage.com\/en\/wp-json\/wp\/v2\/pages\/453","targetHints":{"allow":["GET"]}}],"collection":[{"href":"https:\/\/arletplage.com\/en\/wp-json\/wp\/v2\/pages"}],"about":[{"href":"https:\/\/arletplage.com\/en\/wp-json\/wp\/v2\/types\/page"}],"author":[{"embeddable":true,"href":"https:\/\/arletplage.com\/en\/wp-json\/wp\/v2\/users\/1"}],"replies":[{"embeddable":true,"href":"https:\/\/arletplage.com\/en\/wp-json\/wp\/v2\/comments?post=453"}],"version-history":[{"count":4,"href":"https:\/\/arletplage.com\/en\/wp-json\/wp\/v2\/pages\/453\/revisions"}],"predecessor-version":[{"id":8198,"href":"https:\/\/arletplage.com\/en\/wp-json\/wp\/v2\/pages\/453\/revisions\/8198"}],"wp:featuredmedia":[{"embeddable":true,"href":"https:\/\/arletplage.com\/en\/wp-json\/wp\/v2\/media\/87"}],"wp:attachment":[{"href":"https:\/\/arletplage.com\/en\/wp-json\/wp\/v2\/media?parent=453"}],"curies":[{"name":"wp","href":"https:\/\/api.w.org\/{rel}","templated":true}]}}